{"id":1088,"date":"2025-06-18T22:55:12","date_gmt":"2025-06-18T21:55:12","guid":{"rendered":"https:\/\/nadiatresoro.websbg.com\/?page_id=1088"},"modified":"2025-06-29T11:21:13","modified_gmt":"2025-06-29T10:21:13","slug":"pagina-de-introduccion","status":"publish","type":"page","link":"https:\/\/thehedonister.com\/en\/","title":{"rendered":"Pagina de introduccion"},"content":{"rendered":"<div data-elementor-type=\"wp-page\" data-elementor-id=\"1088\" class=\"elementor elementor-1088\" data-elementor-post-type=\"page\">\n\t\t\t\t<div class=\"elementor-element elementor-element-c465d9c e-flex e-con-boxed e-con e-parent\" data-id=\"c465d9c\" data-element_type=\"container\" data-e-type=\"container\" data-settings=\"{&quot;background_background&quot;:&quot;classic&quot;}\">\n\t\t\t\t\t<div class=\"e-con-inner\">\n\t\t<div class=\"elementor-element elementor-element-bde7639 e-con-full e-flex e-con e-child\" data-id=\"bde7639\" data-element_type=\"container\" data-e-type=\"container\">\n\t\t\t\t<div class=\"elementor-element elementor-element-e60a893 elementor-widget elementor-widget-image\" data-id=\"e60a893\" data-element_type=\"widget\" data-e-type=\"widget\" data-widget_type=\"image.default\">\n\t\t\t\t<div class=\"elementor-widget-container\">\n\t\t\t\t\t\t\t\t\t\t\t\t\t\t\t<img fetchpriority=\"high\" decoding=\"async\" width=\"800\" height=\"317\" src=\"https:\/\/thehedonister.com\/wp-content\/uploads\/2025\/05\/logo-final-the-hedonister_blanco.svg\" class=\"attachment-large size-large wp-image-798\" alt=\"logo final the hedonister blanco\" title=\"\">\t\t\t\t\t\t\t\t\t\t\t\t\t\t\t<\/div>\n\t\t\t\t<\/div>\n\t\t\t\t<\/div>\n\t\t<div class=\"elementor-element elementor-element-61533c7 e-con-full e-flex e-con e-child\" data-id=\"61533c7\" data-element_type=\"container\" data-e-type=\"container\">\n\t\t\t\t<div class=\"elementor-element elementor-element-abf05a5 elementor-widget elementor-widget-heading\" data-id=\"abf05a5\" data-element_type=\"widget\" data-e-type=\"widget\" data-widget_type=\"heading.default\">\n\t\t\t\t<div class=\"elementor-widget-container\">\n\t\t\t\t\t<h2 class=\"elementor-heading-title elementor-size-default\">\"This website contains philosophical concepts, uncomfortable precepts and atypical advice. If you have no patience and are looking for quick relief, get out and walk into a Tik Tok or a random pharmacy\".<\/h2>\t\t\t\t<\/div>\n\t\t\t\t<\/div>\n\t\t\t\t<\/div>\n\t\t<div class=\"elementor-element elementor-element-f3e64a7 e-con-full e-flex e-con e-child\" data-id=\"f3e64a7\" data-element_type=\"container\" data-e-type=\"container\">\n\t\t<div class=\"elementor-element elementor-element-b7cf17d e-con-full e-flex e-con e-child\" data-id=\"b7cf17d\" data-element_type=\"container\" data-e-type=\"container\">\n\t\t\t\t<div class=\"elementor-element elementor-element-0e5b9a9 elementor-widget elementor-widget-button\" data-id=\"0e5b9a9\" data-element_type=\"widget\" data-e-type=\"widget\" data-widget_type=\"button.default\">\n\t\t\t\t<div class=\"elementor-widget-container\">\n\t\t\t\t\t\t\t\t\t<div class=\"elementor-button-wrapper\">\n\t\t\t\t\t<a class=\"elementor-button elementor-button-link elementor-size-sm\" href=\"\/en\/inicio\/\">\n\t\t\t\t\t\t<span class=\"elementor-button-content-wrapper\">\n\t\t\t\t\t\t\t\t\t<span class=\"elementor-button-text\">Staying<\/span>\n\t\t\t\t\t<\/span>\n\t\t\t\t\t<\/a>\n\t\t\t\t<\/div>\n\t\t\t\t\t\t\t\t<\/div>\n\t\t\t\t<\/div>\n\t\t\t\t<div class=\"elementor-element elementor-element-e5378cb elementor-widget elementor-widget-button\" data-id=\"e5378cb\" data-element_type=\"widget\" data-e-type=\"widget\" data-widget_type=\"button.default\">\n\t\t\t\t<div class=\"elementor-widget-container\">\n\t\t\t\t\t\t\t\t\t<div class=\"elementor-button-wrapper\">\n\t\t\t\t\t<a class=\"elementor-button elementor-button-link elementor-size-sm\" href=\"https:\/\/www.google.com\/\" rel=\"nofollow noopener\" target=\"_blank\">\n\t\t\t\t\t\t<span class=\"elementor-button-content-wrapper\">\n\t\t\t\t\t\t\t\t\t<span class=\"elementor-button-text\">Leave<\/span>\n\t\t\t\t\t<\/span>\n\t\t\t\t\t<\/a>\n\t\t\t\t<\/div>\n\t\t\t\t\t\t\t\t<\/div>\n\t\t\t\t<\/div>\n\t\t\t\t<\/div>\n\t\t\t\t<\/div>\n\t\t\t\t\t<\/div>\n\t\t\t\t<\/div>\n\t\t\t\t<\/div>","protected":false},"excerpt":{"rendered":"<p>\u201cEsta web contiene conceptos filos\u00f3ficos, preceptos inc\u00f3modos y consejos at\u00edpicos. Si no tienes paciencia y buscas alivio r\u00e1pido, sal y entra en un Tik Tok o farmacia cualquiera.\u201d Quedarse Irse<\/p>","protected":false},"author":18,"featured_media":0,"parent":0,"menu_order":0,"comment_status":"closed","ping_status":"closed","template":"elementor_canvas","meta":{"footnotes":""},"class_list":["post-1088","page","type-page","status-publish","hentry"],"_links":{"self":[{"href":"https:\/\/thehedonister.com\/en\/wp-json\/wp\/v2\/pages\/1088","targetHints":{"allow":["GET"]}}],"collection":[{"href":"https:\/\/thehedonister.com\/en\/wp-json\/wp\/v2\/pages"}],"about":[{"href":"https:\/\/thehedonister.com\/en\/wp-json\/wp\/v2\/types\/page"}],"author":[{"embeddable":true,"href":"https:\/\/thehedonister.com\/en\/wp-json\/wp\/v2\/users\/18"}],"replies":[{"embeddable":true,"href":"https:\/\/thehedonister.com\/en\/wp-json\/wp\/v2\/comments?post=1088"}],"version-history":[{"count":5,"href":"https:\/\/thehedonister.com\/en\/wp-json\/wp\/v2\/pages\/1088\/revisions"}],"predecessor-version":[{"id":1143,"href":"https:\/\/thehedonister.com\/en\/wp-json\/wp\/v2\/pages\/1088\/revisions\/1143"}],"wp:attachment":[{"href":"https:\/\/thehedonister.com\/en\/wp-json\/wp\/v2\/media?parent=1088"}],"curies":[{"name":"wp","href":"https:\/\/api.w.org\/{rel}","templated":true}]}}