{"id":629,"date":"2025-05-19T23:23:17","date_gmt":"2025-05-19T22:23:17","guid":{"rendered":"https:\/\/nadiatresoro.websbg.com\/?page_id=629"},"modified":"2025-06-13T16:48:49","modified_gmt":"2025-06-13T15:48:49","slug":"news","status":"publish","type":"page","link":"https:\/\/thehedonister.com\/en\/news\/","title":{"rendered":"News"},"content":{"rendered":"<div data-elementor-type=\"wp-page\" data-elementor-id=\"629\" class=\"elementor elementor-629\" data-elementor-post-type=\"page\">\n\t\t\t\t<div class=\"elementor-element elementor-element-361d315 e-flex e-con-boxed e-con e-parent\" data-id=\"361d315\" data-element_type=\"container\" data-e-type=\"container\" data-settings=\"{&quot;background_background&quot;:&quot;classic&quot;}\">\n\t\t\t\t\t<div class=\"e-con-inner\">\n\t\t\t\t<div class=\"elementor-element elementor-element-6583494 elementor-widget elementor-widget-elementskit-heading\" data-id=\"6583494\" data-element_type=\"widget\" data-e-type=\"widget\" data-widget_type=\"elementskit-heading.default\">\n\t\t\t\t<div class=\"elementor-widget-container\">\n\t\t\t\t\t<div class=\"ekit-wid-con\" ><div class=\"ekit-heading elementskit-section-title-wraper text_left   ekit_heading_tablet-   ekit_heading_mobile-\"><h2 class=\"ekit-heading--title elementskit-section-title\"><span><span>NEWS<\/span><\/span><\/h2><div class=\"ekit_heading_separetor_wraper ekit_heading_elementskit-border-divider ekit-dotted\"><div class=\"elementskit-border-divider ekit-dotted\"><\/div><\/div><\/div><\/div>\t\t\t\t<\/div>\n\t\t\t\t<\/div>\n\t\t\t\t\t<\/div>\n\t\t\t\t<\/div>\n\t\t<div class=\"elementor-element elementor-element-4e073ff e-flex e-con-boxed e-con e-parent\" data-id=\"4e073ff\" data-element_type=\"container\" data-e-type=\"container\">\n\t\t\t\t\t<div class=\"e-con-inner\">\n\t\t\t\t<div class=\"elementor-element elementor-element-490c3c3 elementor-grid-3 elementor-grid-tablet-2 elementor-grid-mobile-1 elementor-posts--thumbnail-top elementor-widget elementor-widget-posts\" data-id=\"490c3c3\" data-element_type=\"widget\" data-e-type=\"widget\" data-settings=\"{&quot;pagination_type&quot;:&quot;numbers&quot;,&quot;classic_columns&quot;:&quot;3&quot;,&quot;classic_columns_tablet&quot;:&quot;2&quot;,&quot;classic_columns_mobile&quot;:&quot;1&quot;,&quot;classic_row_gap&quot;:{&quot;unit&quot;:&quot;px&quot;,&quot;size&quot;:35,&quot;sizes&quot;:[]},&quot;classic_row_gap_tablet&quot;:{&quot;unit&quot;:&quot;px&quot;,&quot;size&quot;:&quot;&quot;,&quot;sizes&quot;:[]},&quot;classic_row_gap_mobile&quot;:{&quot;unit&quot;:&quot;px&quot;,&quot;size&quot;:&quot;&quot;,&quot;sizes&quot;:[]}}\" data-widget_type=\"posts.classic\">\n\t\t\t\t<div class=\"elementor-widget-container\">\n\t\t\t\t\t\t\t<div class=\"elementor-posts-container elementor-posts elementor-posts--skin-classic elementor-grid\">\n\t\t\t\t<article class=\"elementor-post elementor-grid-item post-1360 post type-post status-publish format-standard has-post-thumbnail hentry category-sin-categoria\">\n\t\t\t\t<a class=\"elementor-post__thumbnail__link\" href=\"https:\/\/thehedonister.com\/en\/ayuno-intermitente-vs-dieta-disociada-cual-te-conviene-mas\/\" tabindex=\"-1\" >\n\t\t\t<div class=\"elementor-post__thumbnail\"><img fetchpriority=\"high\" decoding=\"async\" width=\"300\" height=\"225\" src=\"https:\/\/thehedonister.com\/wp-content\/uploads\/2025\/08\/ayuno-intermitente-vs-dieta-disociada-300x225.jpg\" class=\"attachment-medium size-medium wp-image-1361\" alt=\"ayuno intermitente vs dieta disociada\" title=\"\" srcset=\"https:\/\/thehedonister.com\/wp-content\/uploads\/2025\/08\/ayuno-intermitente-vs-dieta-disociada-300x225.jpg 300w, https:\/\/thehedonister.com\/wp-content\/uploads\/2025\/08\/ayuno-intermitente-vs-dieta-disociada-1024x768.jpg 1024w, https:\/\/thehedonister.com\/wp-content\/uploads\/2025\/08\/ayuno-intermitente-vs-dieta-disociada-768x576.jpg 768w, https:\/\/thehedonister.com\/wp-content\/uploads\/2025\/08\/ayuno-intermitente-vs-dieta-disociada-16x12.jpg 16w, https:\/\/thehedonister.com\/wp-content\/uploads\/2025\/08\/ayuno-intermitente-vs-dieta-disociada.jpg 1200w\" sizes=\"(max-width: 300px) 100vw, 300px\" \/><\/div>\n\t\t<\/a>\n\t\t\t\t<div class=\"elementor-post__text\">\n\t\t\t\t<h3 class=\"elementor-post__title\">\n\t\t\t<a href=\"https:\/\/thehedonister.com\/en\/ayuno-intermitente-vs-dieta-disociada-cual-te-conviene-mas\/\" >\n\t\t\t\tAyuno Intermitente vs Dieta Disociada: \u00bfCu\u00e1l te conviene m\u00e1s?\t\t\t<\/a>\n\t\t<\/h3>\n\t\t\t\t<div class=\"elementor-post__meta-data\">\n\t\t\t\t\t<span class=\"elementor-post-date\">\n\t\t\t25\/08\/2025\t\t<\/span>\n\t\t\t\t<\/div>\n\t\t\n\t\t<a class=\"elementor-post__read-more\" href=\"https:\/\/thehedonister.com\/en\/ayuno-intermitente-vs-dieta-disociada-cual-te-conviene-mas\/\" aria-label=\"Read more about Ayuno Intermitente vs Dieta Disociada: \u00bfCu\u00e1l te conviene m\u00e1s?\" tabindex=\"-1\" >\n\t\t\tRead more \"\t\t<\/a>\n\n\t\t\t\t<\/div>\n\t\t\t\t<\/article>\n\t\t\t\t<article class=\"elementor-post elementor-grid-item post-1355 post type-post status-publish format-standard has-post-thumbnail hentry category-aprender category-salud-mental\">\n\t\t\t\t<a class=\"elementor-post__thumbnail__link\" href=\"https:\/\/thehedonister.com\/en\/por-que-la-fuerza-de-voluntad-no-es-suficiente-para-lograr-resultados-estables\/\" tabindex=\"-1\" >\n\t\t\t<div class=\"elementor-post__thumbnail\"><img decoding=\"async\" width=\"300\" height=\"155\" src=\"https:\/\/thehedonister.com\/wp-content\/uploads\/2025\/08\/neuroplasticidad-300x155.jpg\" class=\"attachment-medium size-medium wp-image-1356\" alt=\"neuroplasticidad\" title=\"\" srcset=\"https:\/\/thehedonister.com\/wp-content\/uploads\/2025\/08\/neuroplasticidad-300x155.jpg 300w, https:\/\/thehedonister.com\/wp-content\/uploads\/2025\/08\/neuroplasticidad-1024x529.jpg 1024w, https:\/\/thehedonister.com\/wp-content\/uploads\/2025\/08\/neuroplasticidad-768x396.jpg 768w, https:\/\/thehedonister.com\/wp-content\/uploads\/2025\/08\/neuroplasticidad-1536x793.jpg 1536w, https:\/\/thehedonister.com\/wp-content\/uploads\/2025\/08\/neuroplasticidad-18x9.jpg 18w, https:\/\/thehedonister.com\/wp-content\/uploads\/2025\/08\/neuroplasticidad.jpg 1920w\" sizes=\"(max-width: 300px) 100vw, 300px\" \/><\/div>\n\t\t<\/a>\n\t\t\t\t<div class=\"elementor-post__text\">\n\t\t\t\t<h3 class=\"elementor-post__title\">\n\t\t\t<a href=\"https:\/\/thehedonister.com\/en\/por-que-la-fuerza-de-voluntad-no-es-suficiente-para-lograr-resultados-estables\/\" >\n\t\t\t\t\u00bfPor qu\u00e9 la fuerza de voluntad no es suficiente para lograr resultados estables?\t\t\t<\/a>\n\t\t<\/h3>\n\t\t\t\t<div class=\"elementor-post__meta-data\">\n\t\t\t\t\t<span class=\"elementor-post-date\">\n\t\t\t25\/08\/2025\t\t<\/span>\n\t\t\t\t<\/div>\n\t\t\n\t\t<a class=\"elementor-post__read-more\" href=\"https:\/\/thehedonister.com\/en\/por-que-la-fuerza-de-voluntad-no-es-suficiente-para-lograr-resultados-estables\/\" aria-label=\"Read more about \u00bfPor qu\u00e9 la fuerza de voluntad no es suficiente para lograr resultados estables?\" tabindex=\"-1\" >\n\t\t\tRead more \"\t\t<\/a>\n\n\t\t\t\t<\/div>\n\t\t\t\t<\/article>\n\t\t\t\t<article class=\"elementor-post elementor-grid-item post-1349 post type-post status-publish format-standard has-post-thumbnail hentry category-deporte\">\n\t\t\t\t<a class=\"elementor-post__thumbnail__link\" href=\"https:\/\/thehedonister.com\/en\/musica-y-ejercicio-fisico-como-elegirla-para-que-sea-mas-funcional-a-cada-momento\/\" tabindex=\"-1\" >\n\t\t\t<div class=\"elementor-post__thumbnail\"><img decoding=\"async\" width=\"300\" height=\"179\" src=\"https:\/\/thehedonister.com\/wp-content\/uploads\/2025\/08\/unnamed-300x179.jpg\" class=\"attachment-medium size-medium wp-image-1350\" alt=\"unnamed\" title=\"\" srcset=\"https:\/\/thehedonister.com\/wp-content\/uploads\/2025\/08\/unnamed-300x179.jpg 300w, https:\/\/thehedonister.com\/wp-content\/uploads\/2025\/08\/unnamed-18x12.jpg 18w, https:\/\/thehedonister.com\/wp-content\/uploads\/2025\/08\/unnamed.jpg 512w\" sizes=\"(max-width: 300px) 100vw, 300px\" \/><\/div>\n\t\t<\/a>\n\t\t\t\t<div class=\"elementor-post__text\">\n\t\t\t\t<h3 class=\"elementor-post__title\">\n\t\t\t<a href=\"https:\/\/thehedonister.com\/en\/musica-y-ejercicio-fisico-como-elegirla-para-que-sea-mas-funcional-a-cada-momento\/\" >\n\t\t\t\tM\u00fasica y ejercicio f\u00edsico: c\u00f3mo elegirla para que sea m\u00e1s funcional a cada momento\t\t\t<\/a>\n\t\t<\/h3>\n\t\t\t\t<div class=\"elementor-post__meta-data\">\n\t\t\t\t\t<span class=\"elementor-post-date\">\n\t\t\t25\/08\/2025\t\t<\/span>\n\t\t\t\t<\/div>\n\t\t\n\t\t<a class=\"elementor-post__read-more\" href=\"https:\/\/thehedonister.com\/en\/musica-y-ejercicio-fisico-como-elegirla-para-que-sea-mas-funcional-a-cada-momento\/\" aria-label=\"Read more about M\u00fasica y ejercicio f\u00edsico: c\u00f3mo elegirla para que sea m\u00e1s funcional a cada momento\" tabindex=\"-1\" >\n\t\t\tRead more \"\t\t<\/a>\n\n\t\t\t\t<\/div>\n\t\t\t\t<\/article>\n\t\t\t\t<article class=\"elementor-post elementor-grid-item post-1312 post type-post status-publish format-standard has-post-thumbnail hentry category-habitos-alimenticios\">\n\t\t\t\t<a class=\"elementor-post__thumbnail__link\" href=\"https:\/\/thehedonister.com\/en\/pasta-con-verduras-genial-si-la-preparas-tu\/\" tabindex=\"-1\" >\n\t\t\t<div class=\"elementor-post__thumbnail\"><img loading=\"lazy\" decoding=\"async\" width=\"216\" height=\"300\" src=\"https:\/\/thehedonister.com\/wp-content\/uploads\/2025\/07\/pasta-verduras-216x300.jpg\" class=\"attachment-medium size-medium wp-image-1313\" alt=\"pasta verduras\" title=\"\" srcset=\"https:\/\/thehedonister.com\/wp-content\/uploads\/2025\/07\/pasta-verduras-216x300.jpg 216w, https:\/\/thehedonister.com\/wp-content\/uploads\/2025\/07\/pasta-verduras-738x1024.jpg 738w, https:\/\/thehedonister.com\/wp-content\/uploads\/2025\/07\/pasta-verduras-768x1065.jpg 768w, https:\/\/thehedonister.com\/wp-content\/uploads\/2025\/07\/pasta-verduras-1107x1536.jpg 1107w, https:\/\/thehedonister.com\/wp-content\/uploads\/2025\/07\/pasta-verduras-9x12.jpg 9w, https:\/\/thehedonister.com\/wp-content\/uploads\/2025\/07\/pasta-verduras.jpg 1384w\" sizes=\"(max-width: 216px) 100vw, 216px\" \/><\/div>\n\t\t<\/a>\n\t\t\t\t<div class=\"elementor-post__text\">\n\t\t\t\t<h3 class=\"elementor-post__title\">\n\t\t\t<a href=\"https:\/\/thehedonister.com\/en\/pasta-con-verduras-genial-si-la-preparas-tu\/\" >\n\t\t\t\tPasta with vegetables: great if you prepare it yourself!\t\t\t<\/a>\n\t\t<\/h3>\n\t\t\t\t<div class=\"elementor-post__meta-data\">\n\t\t\t\t\t<span class=\"elementor-post-date\">\n\t\t\t12\/07\/2025\t\t<\/span>\n\t\t\t\t<\/div>\n\t\t\n\t\t<a class=\"elementor-post__read-more\" href=\"https:\/\/thehedonister.com\/en\/pasta-con-verduras-genial-si-la-preparas-tu\/\" aria-label=\"Read more about Pasta con verduras: genial si la preparas t\u00fa!\" tabindex=\"-1\" >\n\t\t\tRead more \"\t\t<\/a>\n\n\t\t\t\t<\/div>\n\t\t\t\t<\/article>\n\t\t\t\t<article class=\"elementor-post elementor-grid-item post-1318 post type-post status-publish format-standard has-post-thumbnail hentry category-salud-mental\">\n\t\t\t\t<a class=\"elementor-post__thumbnail__link\" href=\"https:\/\/thehedonister.com\/en\/por-que-recordamos-mas-lo-malo-que-lo-bueno-descubre-el-sesgo-de-negatividad-y-como-equilibrarlo\/\" tabindex=\"-1\" >\n\t\t\t<div class=\"elementor-post__thumbnail\"><img loading=\"lazy\" decoding=\"async\" width=\"300\" height=\"225\" src=\"https:\/\/thehedonister.com\/wp-content\/uploads\/2025\/07\/negatividad-deja-lado-300x225.webp\" class=\"attachment-medium size-medium wp-image-1319\" alt=\"negatividad deja lado\" title=\"\" srcset=\"https:\/\/thehedonister.com\/wp-content\/uploads\/2025\/07\/negatividad-deja-lado-300x225.webp 300w, https:\/\/thehedonister.com\/wp-content\/uploads\/2025\/07\/negatividad-deja-lado-768x576.webp 768w, https:\/\/thehedonister.com\/wp-content\/uploads\/2025\/07\/negatividad-deja-lado-16x12.webp 16w, https:\/\/thehedonister.com\/wp-content\/uploads\/2025\/07\/negatividad-deja-lado.webp 800w\" sizes=\"(max-width: 300px) 100vw, 300px\" \/><\/div>\n\t\t<\/a>\n\t\t\t\t<div class=\"elementor-post__text\">\n\t\t\t\t<h3 class=\"elementor-post__title\">\n\t\t\t<a href=\"https:\/\/thehedonister.com\/en\/por-que-recordamos-mas-lo-malo-que-lo-bueno-descubre-el-sesgo-de-negatividad-y-como-equilibrarlo\/\" >\n\t\t\t\tWhy do we remember the bad more than the good? Discover the negativity bias and how to balance it.\t\t\t<\/a>\n\t\t<\/h3>\n\t\t\t\t<div class=\"elementor-post__meta-data\">\n\t\t\t\t\t<span class=\"elementor-post-date\">\n\t\t\t12\/07\/2025\t\t<\/span>\n\t\t\t\t<\/div>\n\t\t\n\t\t<a class=\"elementor-post__read-more\" href=\"https:\/\/thehedonister.com\/en\/por-que-recordamos-mas-lo-malo-que-lo-bueno-descubre-el-sesgo-de-negatividad-y-como-equilibrarlo\/\" aria-label=\"Read more about \u00bfPor qu\u00e9 recordamos m\u00e1s lo malo que lo bueno? Descubre el sesgo de negatividad y c\u00f3mo equilibrarlo\" tabindex=\"-1\" >\n\t\t\tRead more \"\t\t<\/a>\n\n\t\t\t\t<\/div>\n\t\t\t\t<\/article>\n\t\t\t\t<article class=\"elementor-post elementor-grid-item post-1305 post type-post status-publish format-standard has-post-thumbnail hentry category-habitos-alimenticios\">\n\t\t\t\t<a class=\"elementor-post__thumbnail__link\" href=\"https:\/\/thehedonister.com\/en\/omega3-como-los-consigo\/\" tabindex=\"-1\" >\n\t\t\t<div class=\"elementor-post__thumbnail\"><img loading=\"lazy\" decoding=\"async\" width=\"187\" height=\"300\" src=\"https:\/\/thehedonister.com\/wp-content\/uploads\/2025\/07\/omega3--187x300.jpg\" class=\"attachment-medium size-medium wp-image-1306\" alt=\"omega3\" title=\"\" srcset=\"https:\/\/thehedonister.com\/wp-content\/uploads\/2025\/07\/omega3--187x300.jpg 187w, https:\/\/thehedonister.com\/wp-content\/uploads\/2025\/07\/omega3--639x1024.jpg 639w, https:\/\/thehedonister.com\/wp-content\/uploads\/2025\/07\/omega3--768x1231.jpg 768w, https:\/\/thehedonister.com\/wp-content\/uploads\/2025\/07\/omega3--958x1536.jpg 958w, https:\/\/thehedonister.com\/wp-content\/uploads\/2025\/07\/omega3--7x12.jpg 7w, https:\/\/thehedonister.com\/wp-content\/uploads\/2025\/07\/omega3-.jpg 1198w\" sizes=\"(max-width: 187px) 100vw, 187px\" \/><\/div>\n\t\t<\/a>\n\t\t\t\t<div class=\"elementor-post__text\">\n\t\t\t\t<h3 class=\"elementor-post__title\">\n\t\t\t<a href=\"https:\/\/thehedonister.com\/en\/omega3-como-los-consigo\/\" >\n\t\t\t\tOmega3: how do I get them?\t\t\t<\/a>\n\t\t<\/h3>\n\t\t\t\t<div class=\"elementor-post__meta-data\">\n\t\t\t\t\t<span class=\"elementor-post-date\">\n\t\t\t12\/07\/2025\t\t<\/span>\n\t\t\t\t<\/div>\n\t\t\n\t\t<a class=\"elementor-post__read-more\" href=\"https:\/\/thehedonister.com\/en\/omega3-como-los-consigo\/\" aria-label=\"Read more about Omega3: \u00bfc\u00f3mo los consigo?\" tabindex=\"-1\" >\n\t\t\tRead more \"\t\t<\/a>\n\n\t\t\t\t<\/div>\n\t\t\t\t<\/article>\n\t\t\t\t<article class=\"elementor-post elementor-grid-item post-840 post type-post status-publish format-standard has-post-thumbnail hentry category-actualidad category-aprender\">\n\t\t\t\t<a class=\"elementor-post__thumbnail__link\" href=\"https:\/\/thehedonister.com\/en\/catalizadores-de-macro-2025-preparacion-para-la-ia-efecto-domino-de-glp-1-evolucion-omnicanal-y-costos-de-los-productos-basicos\/\" tabindex=\"-1\" >\n\t\t\t<div class=\"elementor-post__thumbnail\"><img loading=\"lazy\" decoding=\"async\" width=\"300\" height=\"169\" src=\"https:\/\/thehedonister.com\/wp-content\/uploads\/2025\/05\/ia-300x169.jpg\" class=\"attachment-medium size-medium wp-image-843\" alt=\"ia\" title=\"\" srcset=\"https:\/\/thehedonister.com\/wp-content\/uploads\/2025\/05\/ia-300x169.jpg 300w, https:\/\/thehedonister.com\/wp-content\/uploads\/2025\/05\/ia-768x432.jpg 768w, https:\/\/thehedonister.com\/wp-content\/uploads\/2025\/05\/ia-18x10.jpg 18w, https:\/\/thehedonister.com\/wp-content\/uploads\/2025\/05\/ia.jpg 1024w\" sizes=\"(max-width: 300px) 100vw, 300px\" \/><\/div>\n\t\t<\/a>\n\t\t\t\t<div class=\"elementor-post__text\">\n\t\t\t\t<h3 class=\"elementor-post__title\">\n\t\t\t<a href=\"https:\/\/thehedonister.com\/en\/catalizadores-de-macro-2025-preparacion-para-la-ia-efecto-domino-de-glp-1-evolucion-omnicanal-y-costos-de-los-productos-basicos\/\" >\n\t\t\t\tEconomic trends 2025: AI readiness, GLP-1 domino effect, omnichannel evolution and commodity costs\t\t\t<\/a>\n\t\t<\/h3>\n\t\t\t\t<div class=\"elementor-post__meta-data\">\n\t\t\t\t\t<span class=\"elementor-post-date\">\n\t\t\t29\/09\/2024\t\t<\/span>\n\t\t\t\t<\/div>\n\t\t\n\t\t<a class=\"elementor-post__read-more\" href=\"https:\/\/thehedonister.com\/en\/catalizadores-de-macro-2025-preparacion-para-la-ia-efecto-domino-de-glp-1-evolucion-omnicanal-y-costos-de-los-productos-basicos\/\" aria-label=\"Read more about Tendencias econ\u00f3micas 2025: preparaci\u00f3n para la IA, efecto domin\u00f3 de GLP-1, evoluci\u00f3n omnicanal y costos de los productos b\u00e1sicos\" tabindex=\"-1\" >\n\t\t\tRead more \"\t\t<\/a>\n\n\t\t\t\t<\/div>\n\t\t\t\t<\/article>\n\t\t\t\t<article class=\"elementor-post elementor-grid-item post-830 post type-post status-publish format-standard has-post-thumbnail hentry category-deporte category-divertirse tag-navegar\">\n\t\t\t\t<a class=\"elementor-post__thumbnail__link\" href=\"https:\/\/thehedonister.com\/en\/navegar-es-hedonista-si-es-para-despejarte-no-para-postureo\/\" tabindex=\"-1\" >\n\t\t\t<div class=\"elementor-post__thumbnail\"><img loading=\"lazy\" decoding=\"async\" width=\"225\" height=\"300\" src=\"https:\/\/thehedonister.com\/wp-content\/uploads\/2025\/05\/barco-1-225x300.jpg\" class=\"attachment-medium size-medium wp-image-852\" alt=\"barco 1\" title=\"\" srcset=\"https:\/\/thehedonister.com\/wp-content\/uploads\/2025\/05\/barco-1-225x300.jpg 225w, https:\/\/thehedonister.com\/wp-content\/uploads\/2025\/05\/barco-1-768x1024.jpg 768w, https:\/\/thehedonister.com\/wp-content\/uploads\/2025\/05\/barco-1-1152x1536.jpg 1152w, https:\/\/thehedonister.com\/wp-content\/uploads\/2025\/05\/barco-1-9x12.jpg 9w, https:\/\/thehedonister.com\/wp-content\/uploads\/2025\/05\/barco-1.jpg 1200w\" sizes=\"(max-width: 225px) 100vw, 225px\" \/><\/div>\n\t\t<\/a>\n\t\t\t\t<div class=\"elementor-post__text\">\n\t\t\t\t<h3 class=\"elementor-post__title\">\n\t\t\t<a href=\"https:\/\/thehedonister.com\/en\/navegar-es-hedonista-si-es-para-despejarte-no-para-postureo\/\" >\n\t\t\t\tSailing: it's hedonistic if it's for relaxation, not for posturing.\t\t\t<\/a>\n\t\t<\/h3>\n\t\t\t\t<div class=\"elementor-post__meta-data\">\n\t\t\t\t\t<span class=\"elementor-post-date\">\n\t\t\t05\/07\/2024\t\t<\/span>\n\t\t\t\t<\/div>\n\t\t\n\t\t<a class=\"elementor-post__read-more\" href=\"https:\/\/thehedonister.com\/en\/navegar-es-hedonista-si-es-para-despejarte-no-para-postureo\/\" aria-label=\"Read more about Navegar: es hedonista si es para despejarte no para postureo\" tabindex=\"-1\" >\n\t\t\tRead more \"\t\t<\/a>\n\n\t\t\t\t<\/div>\n\t\t\t\t<\/article>\n\t\t\t\t<article class=\"elementor-post elementor-grid-item post-817 post type-post status-publish format-standard has-post-thumbnail hentry category-sexo category-viajar\">\n\t\t\t\t<a class=\"elementor-post__thumbnail__link\" href=\"https:\/\/thehedonister.com\/en\/sexo-en-verano-consejos-para-practicarlo-mas-y-mejor\/\" tabindex=\"-1\" >\n\t\t\t<div class=\"elementor-post__thumbnail\"><img loading=\"lazy\" decoding=\"async\" width=\"300\" height=\"208\" src=\"https:\/\/thehedonister.com\/wp-content\/uploads\/2025\/05\/sexo-en-la-playa-300x208.webp\" class=\"attachment-medium size-medium wp-image-849\" alt=\"sexo en la playa\" title=\"\" srcset=\"https:\/\/thehedonister.com\/wp-content\/uploads\/2025\/05\/sexo-en-la-playa-300x208.webp 300w, https:\/\/thehedonister.com\/wp-content\/uploads\/2025\/05\/sexo-en-la-playa-18x12.webp 18w, https:\/\/thehedonister.com\/wp-content\/uploads\/2025\/05\/sexo-en-la-playa.webp 720w\" sizes=\"(max-width: 300px) 100vw, 300px\" \/><\/div>\n\t\t<\/a>\n\t\t\t\t<div class=\"elementor-post__text\">\n\t\t\t\t<h3 class=\"elementor-post__title\">\n\t\t\t<a href=\"https:\/\/thehedonister.com\/en\/sexo-en-verano-consejos-para-practicarlo-mas-y-mejor\/\" >\n\t\t\t\tSex in the summer: tips for more and better sex\t\t\t<\/a>\n\t\t<\/h3>\n\t\t\t\t<div class=\"elementor-post__meta-data\">\n\t\t\t\t\t<span class=\"elementor-post-date\">\n\t\t\t26\/07\/2023\t\t<\/span>\n\t\t\t\t<\/div>\n\t\t\n\t\t<a class=\"elementor-post__read-more\" href=\"https:\/\/thehedonister.com\/en\/sexo-en-verano-consejos-para-practicarlo-mas-y-mejor\/\" aria-label=\"Read more about Sexo en verano: consejos para practicarlo m\u00e1s y mejor\" tabindex=\"-1\" >\n\t\t\tRead more \"\t\t<\/a>\n\n\t\t\t\t<\/div>\n\t\t\t\t<\/article>\n\t\t\t\t<\/div>\n\t\t\n\t\t\t\t<div class=\"e-load-more-anchor\" data-page=\"1\" data-max-page=\"3\" data-next-page=\"https:\/\/thehedonister.com\/en\/wp-json\/wp\/v2\/pages\/629\/page\/2\/\"><\/div>\n\t\t\t\t<nav class=\"elementor-pagination\" aria-label=\"Pagination\">\n\t\t\t<span aria-current=\"page\" class=\"page-numbers current\"><span class=\"elementor-screen-only\">Page<\/span>1<\/span>\n<a class=\"page-numbers\" href=\"https:\/\/thehedonister.com\/en\/wp-json\/wp\/v2\/pages\/629\/page\/2\/\"><span class=\"elementor-screen-only\">Page<\/span>2<\/a>\n<a class=\"page-numbers\" href=\"https:\/\/thehedonister.com\/en\/wp-json\/wp\/v2\/pages\/629\/page\/3\/\"><span class=\"elementor-screen-only\">Page<\/span>3<\/a>\t\t<\/nav>\n\t\t\t\t\t\t<\/div>\n\t\t\t\t<\/div>\n\t\t\t\t\t<\/div>\n\t\t\t\t<\/div>\n\t\t\t\t<\/div>","protected":false},"excerpt":{"rendered":"<p>NEWS<\/p>","protected":false},"author":18,"featured_media":0,"parent":0,"menu_order":0,"comment_status":"closed","ping_status":"closed","template":"","meta":{"footnotes":""},"class_list":["post-629","page","type-page","status-publish","hentry"],"_links":{"self":[{"href":"https:\/\/thehedonister.com\/en\/wp-json\/wp\/v2\/pages\/629","targetHints":{"allow":["GET"]}}],"collection":[{"href":"https:\/\/thehedonister.com\/en\/wp-json\/wp\/v2\/pages"}],"about":[{"href":"https:\/\/thehedonister.com\/en\/wp-json\/wp\/v2\/types\/page"}],"author":[{"embeddable":true,"href":"https:\/\/thehedonister.com\/en\/wp-json\/wp\/v2\/users\/18"}],"replies":[{"embeddable":true,"href":"https:\/\/thehedonister.com\/en\/wp-json\/wp\/v2\/comments?post=629"}],"version-history":[{"count":5,"href":"https:\/\/thehedonister.com\/en\/wp-json\/wp\/v2\/pages\/629\/revisions"}],"predecessor-version":[{"id":1045,"href":"https:\/\/thehedonister.com\/en\/wp-json\/wp\/v2\/pages\/629\/revisions\/1045"}],"wp:attachment":[{"href":"https:\/\/thehedonister.com\/en\/wp-json\/wp\/v2\/media?parent=629"}],"curies":[{"name":"wp","href":"https:\/\/api.w.org\/{rel}","templated":true}]}}