{"id":646,"date":"2025-05-20T10:26:38","date_gmt":"2025-05-20T09:26:38","guid":{"rendered":"https:\/\/nadiatresoro.websbg.com\/?page_id=646"},"modified":"2025-06-29T12:08:28","modified_gmt":"2025-06-29T11:08:28","slug":"equilibrio-mental","status":"publish","type":"page","link":"https:\/\/thehedonister.com\/en\/equilibrio-mental\/","title":{"rendered":"Mental Balance"},"content":{"rendered":"<div data-elementor-type=\"wp-page\" data-elementor-id=\"646\" class=\"elementor elementor-646\" data-elementor-post-type=\"page\">\n\t\t\t\t<div class=\"elementor-element elementor-element-fe30ed3 e-flex e-con-boxed e-con e-parent\" data-id=\"fe30ed3\" data-element_type=\"container\" data-e-type=\"container\">\n\t\t\t\t\t<div class=\"e-con-inner\">\n\t\t<div class=\"elementor-element elementor-element-dbced8b e-con-full e-flex e-con e-child\" data-id=\"dbced8b\" data-element_type=\"container\" data-e-type=\"container\">\n\t\t\t\t<div class=\"elementor-element elementor-element-8bcfc75 elementor-widget elementor-widget-elementskit-heading\" data-id=\"8bcfc75\" data-element_type=\"widget\" data-e-type=\"widget\" data-widget_type=\"elementskit-heading.default\">\n\t\t\t\t<div class=\"elementor-widget-container\">\n\t\t\t\t\t<div class=\"ekit-wid-con\" ><div class=\"ekit-heading elementskit-section-title-wraper text_left   ekit_heading_tablet-   ekit_heading_mobile-\"><h2 class=\"ekit-heading--title elementskit-section-title\"><span><span>Mental Balance<\/span><\/span><\/h2><div class=\"ekit_heading_separetor_wraper ekit_heading_elementskit-border-divider ekit-dotted\"><div class=\"elementskit-border-divider ekit-dotted\"><\/div><\/div><\/div><\/div>\t\t\t\t<\/div>\n\t\t\t\t<\/div>\n\t\t\t\t<\/div>\n\t\t<div class=\"elementor-element elementor-element-a6f567e e-con-full e-flex e-con e-child\" data-id=\"a6f567e\" data-element_type=\"container\" data-e-type=\"container\">\n\t\t\t\t<\/div>\n\t\t\t\t\t<\/div>\n\t\t\t\t<\/div>\n\t\t<div class=\"elementor-element elementor-element-db5a4bd e-flex e-con-boxed e-con e-parent\" data-id=\"db5a4bd\" data-element_type=\"container\" data-e-type=\"container\">\n\t\t\t\t\t<div class=\"e-con-inner\">\n\t\t<div class=\"elementor-element elementor-element-1a4ecfd e-con-full e-flex e-con e-child\" data-id=\"1a4ecfd\" data-element_type=\"container\" data-e-type=\"container\">\n\t\t<div class=\"elementor-element elementor-element-32a5641 e-con-full e-flex e-con e-child\" data-id=\"32a5641\" data-element_type=\"container\" data-e-type=\"container\">\n\t\t\t\t<div class=\"elementor-element elementor-element-4139bf5 elementor-widget elementor-widget-heading\" data-id=\"4139bf5\" data-element_type=\"widget\" data-e-type=\"widget\" data-widget_type=\"heading.default\">\n\t\t\t\t<div class=\"elementor-widget-container\">\n\t\t\t\t\t<h2 class=\"elementor-heading-title elementor-size-default\">No magic formulas. No posturing. Just truth, practice and real transformation.<\/h2>\t\t\t\t<\/div>\n\t\t\t\t<\/div>\n\t\t\t\t<div class=\"elementor-element elementor-element-709bdbd elementor-widget elementor-widget-text-editor\" data-id=\"709bdbd\" data-element_type=\"widget\" data-e-type=\"widget\" data-widget_type=\"text-editor.default\">\n\t\t\t\t<div class=\"elementor-widget-container\">\n\t\t\t\t\t\t\t\t\t<div class=\"et_pb_with_border et_pb_module et_pb_text et_pb_text_0 et_hover_enabled et_pb_text_align_left et_pb_bg_layout_light et_had_animation\">\n<div class=\"et_pb_text_inner\">\n<p class=\"p1\">Since I was a child, I have had a passion for philosophy, not for repeating theories, but for questioning them. That critical attitude continues to be my guide, and it is the basis of my mentoring: here you will not find ready-made phrases, nor miraculous recipes, nor quick success formulas.<\/p>\n<p class=\"p1\">Creo que no se puede ense\u00f1ar lo que no se practica, ni transmitir lo que no se ha vivido. Por eso mis sesiones son honestas, personalizadas y profundamente humanas. Nada de gur\u00fas reciclados ni promesas vac\u00edas. Si buscas \u201cempoderamiento\u201d en c\u00f3modas dosis y con resultados garantizados, esto no es para ti.<\/p>\n<p class=\"p1\">On the other hand, if you want to stop living according to what others expect of you, question yourself without fear, unlearn what doesn't serve you and start seeing yourself with different eyes, then we speak the same language.<\/p>\n<\/div>\n<\/div>\t\t\t\t\t\t\t\t<\/div>\n\t\t\t\t<\/div>\n\t\t\t\t<\/div>\n\t\t<div class=\"elementor-element elementor-element-1258e4e e-con-full e-flex e-con e-child\" data-id=\"1258e4e\" data-element_type=\"container\" data-e-type=\"container\">\n\t\t\t\t<div class=\"elementor-element elementor-element-84e4434 elementor-widget elementor-widget-image\" data-id=\"84e4434\" data-element_type=\"widget\" data-e-type=\"widget\" data-widget_type=\"image.default\">\n\t\t\t\t<div class=\"elementor-widget-container\">\n\t\t\t\t\t\t\t\t\t\t\t\t\t\t\t<img fetchpriority=\"high\" decoding=\"async\" width=\"800\" height=\"947\" src=\"https:\/\/thehedonister.com\/wp-content\/uploads\/2025\/05\/The-Hedonist-Aprende.jpg\" class=\"attachment-large size-large wp-image-486\" alt=\"The Hedonist Aprende\" srcset=\"https:\/\/thehedonister.com\/wp-content\/uploads\/2025\/05\/The-Hedonist-Aprende.jpg 800w, https:\/\/thehedonister.com\/wp-content\/uploads\/2025\/05\/The-Hedonist-Aprende-253x300.jpg 253w, https:\/\/thehedonister.com\/wp-content\/uploads\/2025\/05\/The-Hedonist-Aprende-768x909.jpg 768w, https:\/\/thehedonister.com\/wp-content\/uploads\/2025\/05\/The-Hedonist-Aprende-10x12.jpg 10w\" sizes=\"(max-width: 800px) 100vw, 800px\" title=\"\">\t\t\t\t\t\t\t\t\t\t\t\t\t\t\t<\/div>\n\t\t\t\t<\/div>\n\t\t\t\t<\/div>\n\t\t\t\t<\/div>\n\t\t<div class=\"elementor-element elementor-element-60ad9f5 e-con-full e-flex e-con e-child\" data-id=\"60ad9f5\" data-element_type=\"container\" data-e-type=\"container\">\n\t\t\t\t<div class=\"elementor-element elementor-element-c540300 elementor-align-center elementor-widget elementor-widget-button\" data-id=\"c540300\" data-element_type=\"widget\" data-e-type=\"widget\" data-widget_type=\"button.default\">\n\t\t\t\t<div class=\"elementor-widget-container\">\n\t\t\t\t\t\t\t\t\t<div class=\"elementor-button-wrapper\">\n\t\t\t\t\t<a class=\"elementor-button elementor-button-link elementor-size-sm\" href=\"https:\/\/thehedonister.com\/en\/contacto\/\">\n\t\t\t\t\t\t<span class=\"elementor-button-content-wrapper\">\n\t\t\t\t\t\t\t\t\t<span class=\"elementor-button-text\">Let go of ballast and take the reins<\/span>\n\t\t\t\t\t<\/span>\n\t\t\t\t\t<\/a>\n\t\t\t\t<\/div>\n\t\t\t\t\t\t\t\t<\/div>\n\t\t\t\t<\/div>\n\t\t\t\t<\/div>\n\t\t<div class=\"elementor-element elementor-element-a8507ae e-con-full e-flex e-con e-child\" data-id=\"a8507ae\" data-element_type=\"container\" data-e-type=\"container\">\n\t\t<div class=\"elementor-element elementor-element-18fbcbc e-con-full e-flex e-con e-child\" data-id=\"18fbcbc\" data-element_type=\"container\" data-e-type=\"container\">\n\t\t\t\t<div class=\"elementor-element elementor-element-f214611 elementor-widget elementor-widget-image\" data-id=\"f214611\" data-element_type=\"widget\" data-e-type=\"widget\" data-widget_type=\"image.default\">\n\t\t\t\t<div class=\"elementor-widget-container\">\n\t\t\t\t\t\t\t\t\t\t\t\t\t\t\t<img decoding=\"async\" width=\"350\" height=\"550\" src=\"https:\/\/thehedonister.com\/wp-content\/uploads\/2025\/05\/The-hedonist-6.jpg\" class=\"attachment-large size-large wp-image-485\" alt=\"The hedonist 6\" srcset=\"https:\/\/thehedonister.com\/wp-content\/uploads\/2025\/05\/The-hedonist-6.jpg 350w, https:\/\/thehedonister.com\/wp-content\/uploads\/2025\/05\/The-hedonist-6-191x300.jpg 191w, https:\/\/thehedonister.com\/wp-content\/uploads\/2025\/05\/The-hedonist-6-8x12.jpg 8w\" sizes=\"(max-width: 350px) 100vw, 350px\" title=\"\">\t\t\t\t\t\t\t\t\t\t\t\t\t\t\t<\/div>\n\t\t\t\t<\/div>\n\t\t\t\t<\/div>\n\t\t<div class=\"elementor-element elementor-element-05d6150 e-con-full e-flex e-con e-child\" data-id=\"05d6150\" data-element_type=\"container\" data-e-type=\"container\">\n\t\t\t\t<div class=\"elementor-element elementor-element-25482a4 elementor-widget elementor-widget-text-editor\" data-id=\"25482a4\" data-element_type=\"widget\" data-e-type=\"widget\" data-widget_type=\"text-editor.default\">\n\t\t\t\t<div class=\"elementor-widget-container\">\n\t\t\t\t\t\t\t\t\t<div class=\"et_pb_with_border et_pb_module et_pb_text et_pb_text_0 et_hover_enabled et_pb_text_align_left et_pb_bg_layout_light et_had_animation\">\n<p class=\"p1\">In these mentorships:<\/p>\n<\/div>\t\t\t\t\t\t\t\t<\/div>\n\t\t\t\t<\/div>\n\t\t\t\t<div class=\"elementor-element elementor-element-52dbb0f elementor-position-inline-start elementor-mobile-position-inline-start elementor-view-default elementor-widget elementor-widget-icon-box\" data-id=\"52dbb0f\" data-element_type=\"widget\" data-e-type=\"widget\" data-widget_type=\"icon-box.default\">\n\t\t\t\t<div class=\"elementor-widget-container\">\n\t\t\t\t\t\t\t<div class=\"elementor-icon-box-wrapper\">\n\n\t\t\t\t\t\t<div class=\"elementor-icon-box-icon\">\n\t\t\t\t<a href=\"https:\/\/thehedonister.com\/en\/salud-the-hedonister\/longevity\/\" class=\"elementor-icon\" tabindex=\"-1\" aria-label=\"I don&#039;t give you maxims, I help you find your own truths.\">\n\t\t\t\t<i aria-hidden=\"true\" class=\"icon icon-tick\"><\/i>\t\t\t\t<\/a>\n\t\t\t<\/div>\n\t\t\t\n\t\t\t\t\t\t<div class=\"elementor-icon-box-content\">\n\n\t\t\t\t\t\t\t\t\t<h3 class=\"elementor-icon-box-title\">\n\t\t\t\t\t\t<a href=\"https:\/\/thehedonister.com\/en\/salud-the-hedonister\/longevity\/\" >\n\t\t\t\t\t\t\tI don't give you maxims, I help you find your own truths.\t\t\t\t\t\t<\/a>\n\t\t\t\t\t<\/h3>\n\t\t\t\t\n\t\t\t\t\n\t\t\t<\/div>\n\t\t\t\n\t\t<\/div>\n\t\t\t\t\t\t<\/div>\n\t\t\t\t<\/div>\n\t\t\t\t<div class=\"elementor-element elementor-element-8c6d4da elementor-position-inline-start elementor-mobile-position-inline-start elementor-view-default elementor-widget elementor-widget-icon-box\" data-id=\"8c6d4da\" data-element_type=\"widget\" data-e-type=\"widget\" data-widget_type=\"icon-box.default\">\n\t\t\t\t<div class=\"elementor-widget-container\">\n\t\t\t\t\t\t\t<div class=\"elementor-icon-box-wrapper\">\n\n\t\t\t\t\t\t<div class=\"elementor-icon-box-icon\">\n\t\t\t\t<a href=\"https:\/\/thehedonister.com\/en\/salud-the-hedonister\/longevity\/\" class=\"elementor-icon\" tabindex=\"-1\" aria-label=\"I don&#039;t offer you titles, I invite you to be authentic.\">\n\t\t\t\t<i aria-hidden=\"true\" class=\"icon icon-tick\"><\/i>\t\t\t\t<\/a>\n\t\t\t<\/div>\n\t\t\t\n\t\t\t\t\t\t<div class=\"elementor-icon-box-content\">\n\n\t\t\t\t\t\t\t\t\t<h3 class=\"elementor-icon-box-title\">\n\t\t\t\t\t\t<a href=\"https:\/\/thehedonister.com\/en\/salud-the-hedonister\/longevity\/\" >\n\t\t\t\t\t\t\tI don't offer you titles, I invite you to be authentic.\t\t\t\t\t\t<\/a>\n\t\t\t\t\t<\/h3>\n\t\t\t\t\n\t\t\t\t\n\t\t\t<\/div>\n\t\t\t\n\t\t<\/div>\n\t\t\t\t\t\t<\/div>\n\t\t\t\t<\/div>\n\t\t\t\t<div class=\"elementor-element elementor-element-923044f elementor-position-inline-start elementor-mobile-position-inline-start elementor-view-default elementor-widget elementor-widget-icon-box\" data-id=\"923044f\" data-element_type=\"widget\" data-e-type=\"widget\" data-widget_type=\"icon-box.default\">\n\t\t\t\t<div class=\"elementor-widget-container\">\n\t\t\t\t\t\t\t<div class=\"elementor-icon-box-wrapper\">\n\n\t\t\t\t\t\t<div class=\"elementor-icon-box-icon\">\n\t\t\t\t<a href=\"https:\/\/thehedonister.com\/en\/salud-the-hedonister\/longevity\/\" class=\"elementor-icon\" tabindex=\"-1\" aria-label=\"I don&#039;t chase applause, I teach you to feel good even when you are uncomfortable.\">\n\t\t\t\t<i aria-hidden=\"true\" class=\"icon icon-tick\"><\/i>\t\t\t\t<\/a>\n\t\t\t<\/div>\n\t\t\t\n\t\t\t\t\t\t<div class=\"elementor-icon-box-content\">\n\n\t\t\t\t\t\t\t\t\t<h3 class=\"elementor-icon-box-title\">\n\t\t\t\t\t\t<a href=\"https:\/\/thehedonister.com\/en\/salud-the-hedonister\/longevity\/\" >\n\t\t\t\t\t\t\tI don't chase applause, I teach you to feel good even when you are uncomfortable.\t\t\t\t\t\t<\/a>\n\t\t\t\t\t<\/h3>\n\t\t\t\t\n\t\t\t\t\n\t\t\t<\/div>\n\t\t\t\n\t\t<\/div>\n\t\t\t\t\t\t<\/div>\n\t\t\t\t<\/div>\n\t\t\t\t<div class=\"elementor-element elementor-element-e149908 elementor-widget elementor-widget-text-editor\" data-id=\"e149908\" data-element_type=\"widget\" data-e-type=\"widget\" data-widget_type=\"text-editor.default\">\n\t\t\t\t<div class=\"elementor-widget-container\">\n\t\t\t\t\t\t\t\t\t<div class=\"et_pb_with_border et_pb_module et_pb_text et_pb_text_0 et_hover_enabled et_pb_text_align_left et_pb_bg_layout_light et_had_animation\">\n<p class=\"p1\"><strong>My tools:<\/strong> deep listening, clear (and sometimes invented) language, life experience and sense of humor.<\/p>\n<p class=\"p1\">The objective? That you look in the mirror and recognize yourself without the need for approval, without guilt, without fear.<\/p>\n<p class=\"p1\">And if you decide to leave the path in the middle, that's fine too, I'm sure you'll have found some use for it. That I promise.<\/p>\n<\/div>\t\t\t\t\t\t\t\t<\/div>\n\t\t\t\t<\/div>\n\t\t\t\t<\/div>\n\t\t\t\t<\/div>\n\t\t\t\t\t<\/div>\n\t\t\t\t<\/div>\n\t\t<div class=\"elementor-element elementor-element-03a519e e-flex e-con-boxed e-con e-parent\" data-id=\"03a519e\" data-element_type=\"container\" data-e-type=\"container\">\n\t\t\t\t\t<div class=\"e-con-inner\">\n\t\t\t\t\t<\/div>\n\t\t\t\t<\/div>\n\t\t\t\t<\/div>","protected":false},"excerpt":{"rendered":"<p>Equilibrio Mental Sin f\u00f3rmulas m\u00e1gicas. Sin postureo. Solo verdad, pr\u00e1ctica y transformaci\u00f3n real. Desde peque\u00f1a sent\u00ed pasi\u00f3n por la filosof\u00eda, no por repetir teor\u00edas, sino por cuestionarlas. Esa actitud cr\u00edtica sigue siendo mi gu\u00eda, y es la base de mis mentor\u00edas: aqu\u00ed no encontrar\u00e1s frases hechas, ni recetas milagrosas, ni f\u00f3rmulas de \u00e9xito expr\u00e9s. Creo [&hellip;]<\/p>","protected":false},"author":18,"featured_media":0,"parent":0,"menu_order":0,"comment_status":"closed","ping_status":"closed","template":"","meta":{"footnotes":""},"class_list":["post-646","page","type-page","status-publish","hentry"],"_links":{"self":[{"href":"https:\/\/thehedonister.com\/en\/wp-json\/wp\/v2\/pages\/646","targetHints":{"allow":["GET"]}}],"collection":[{"href":"https:\/\/thehedonister.com\/en\/wp-json\/wp\/v2\/pages"}],"about":[{"href":"https:\/\/thehedonister.com\/en\/wp-json\/wp\/v2\/types\/page"}],"author":[{"embeddable":true,"href":"https:\/\/thehedonister.com\/en\/wp-json\/wp\/v2\/users\/18"}],"replies":[{"embeddable":true,"href":"https:\/\/thehedonister.com\/en\/wp-json\/wp\/v2\/comments?post=646"}],"version-history":[{"count":5,"href":"https:\/\/thehedonister.com\/en\/wp-json\/wp\/v2\/pages\/646\/revisions"}],"predecessor-version":[{"id":1169,"href":"https:\/\/thehedonister.com\/en\/wp-json\/wp\/v2\/pages\/646\/revisions\/1169"}],"wp:attachment":[{"href":"https:\/\/thehedonister.com\/en\/wp-json\/wp\/v2\/media?parent=646"}],"curies":[{"name":"wp","href":"https:\/\/api.w.org\/{rel}","templated":true}]}}