{"id":665,"date":"2025-05-20T14:05:49","date_gmt":"2025-05-20T13:05:49","guid":{"rendered":"https:\/\/nadiatresoro.websbg.com\/?page_id=665"},"modified":"2025-06-29T12:19:36","modified_gmt":"2025-06-29T11:19:36","slug":"longevity","status":"publish","type":"page","link":"https:\/\/thehedonister.com\/en\/salud-the-hedonister\/longevity\/","title":{"rendered":"Longevity"},"content":{"rendered":"<div data-elementor-type=\"wp-page\" data-elementor-id=\"665\" class=\"elementor elementor-665\" data-elementor-post-type=\"page\">\n\t\t\t\t<div class=\"elementor-element elementor-element-8bd26a6 e-flex e-con-boxed e-con e-parent\" data-id=\"8bd26a6\" data-element_type=\"container\" data-e-type=\"container\" data-settings=\"{&quot;background_background&quot;:&quot;classic&quot;}\">\n\t\t\t\t\t<div class=\"e-con-inner\">\n\t\t<div class=\"elementor-element elementor-element-486b648 e-con-full e-flex e-con e-child\" data-id=\"486b648\" data-element_type=\"container\" data-e-type=\"container\">\n\t\t\t\t<div class=\"elementor-element elementor-element-7890bf7 elementor-widget elementor-widget-elementskit-heading\" data-id=\"7890bf7\" data-element_type=\"widget\" data-e-type=\"widget\" data-widget_type=\"elementskit-heading.default\">\n\t\t\t\t<div class=\"elementor-widget-container\">\n\t\t\t\t\t<div class=\"ekit-wid-con\" ><div class=\"ekit-heading elementskit-section-title-wraper text_left   ekit_heading_tablet-   ekit_heading_mobile-\"><h2 class=\"ekit-heading--title elementskit-section-title\">Longevity <span><span>A new way of living more and better<\/span><\/span><\/h2><div class=\"ekit_heading_separetor_wraper ekit_heading_elementskit-border-divider ekit-dotted\"><div class=\"elementskit-border-divider ekit-dotted\"><\/div><\/div><\/div><\/div>\t\t\t\t<\/div>\n\t\t\t\t<\/div>\n\t\t\t\t<div class=\"elementor-element elementor-element-de33b3d elementor-widget elementor-widget-heading\" data-id=\"de33b3d\" data-element_type=\"widget\" data-e-type=\"widget\" data-widget_type=\"heading.default\">\n\t\t\t\t<div class=\"elementor-widget-container\">\n\t\t\t\t\t<h2 class=\"elementor-heading-title elementor-size-default\">Well-being is fundamental to living well.<\/h2>\t\t\t\t<\/div>\n\t\t\t\t<\/div>\n\t\t\t\t<div class=\"elementor-element elementor-element-f6406ea elementor-widget elementor-widget-text-editor\" data-id=\"f6406ea\" data-element_type=\"widget\" data-e-type=\"widget\" data-widget_type=\"text-editor.default\">\n\t\t\t\t<div class=\"elementor-widget-container\">\n\t\t\t\t\t\t\t\t\t<p class=\"p1\">Although many people still use the words anti-aging and longevity interchangeably, the two concepts are different.<\/p><p class=\"p1\">Anti aging has gone out of fashion, like almost all words beginning with ANTI, for the simple fact that you can't stop the inevitable. There are no products that prevent you from staining and no one can sell you \"care and attention\", but if you do get stains, don't worry because there are many stain REMOVERS. And the same goes for age.<\/p><p class=\"p1\">Since we cannot stop the passing years, we can do 2 things:<\/p>\t\t\t\t\t\t\t\t<\/div>\n\t\t\t\t<\/div>\n\t\t\t\t<div class=\"elementor-element elementor-element-af06223 elementor-icon-list--layout-traditional elementor-list-item-link-full_width elementor-widget elementor-widget-icon-list\" data-id=\"af06223\" data-element_type=\"widget\" data-e-type=\"widget\" data-widget_type=\"icon-list.default\">\n\t\t\t\t<div class=\"elementor-widget-container\">\n\t\t\t\t\t\t\t<ul class=\"elementor-icon-list-items\">\n\t\t\t\t\t\t\t<li class=\"elementor-icon-list-item\">\n\t\t\t\t\t\t\t\t\t\t\t<span class=\"elementor-icon-list-icon\">\n\t\t\t\t\t\t\t<i aria-hidden=\"true\" class=\"icon icon-double-angle-pointing-to-right\"><\/i>\t\t\t\t\t\t<\/span>\n\t\t\t\t\t\t\t\t\t\t<span class=\"elementor-icon-list-text\">Make-up the effects of aging, treating the symptoms and acting with more or less invasive patches, which have an expiration date and if you do not renew them, their function disappears, but NOT their biological damage.<\/span>\n\t\t\t\t\t\t\t\t\t<\/li>\n\t\t\t\t\t\t\t\t<li class=\"elementor-icon-list-item\">\n\t\t\t\t\t\t\t\t\t\t\t<span class=\"elementor-icon-list-icon\">\n\t\t\t\t\t\t\t<i aria-hidden=\"true\" class=\"icon icon-double-angle-pointing-to-right\"><\/i>\t\t\t\t\t\t<\/span>\n\t\t\t\t\t\t\t\t\t\t<span class=\"elementor-icon-list-text\">Act at the switchboard, in our brain and with the cell, so that cell senescence is slowed down or even reversed. This is what longevity treatments aim to do.<\/span>\n\t\t\t\t\t\t\t\t\t<\/li>\n\t\t\t\t\t\t<\/ul>\n\t\t\t\t\t\t<\/div>\n\t\t\t\t<\/div>\n\t\t\t\t<div class=\"elementor-element elementor-element-4b22946 elementor-widget elementor-widget-heading\" data-id=\"4b22946\" data-element_type=\"widget\" data-e-type=\"widget\" data-widget_type=\"heading.default\">\n\t\t\t\t<div class=\"elementor-widget-container\">\n\t\t\t\t\t<h2 class=\"elementor-heading-title elementor-size-default\">Yet there is still a lot of promise and a lot of marketing....<\/h2>\t\t\t\t<\/div>\n\t\t\t\t<\/div>\n\t\t\t\t<div class=\"elementor-element elementor-element-f2eb640 elementor-widget elementor-widget-text-editor\" data-id=\"f2eb640\" data-element_type=\"widget\" data-e-type=\"widget\" data-widget_type=\"text-editor.default\">\n\t\t\t\t<div class=\"elementor-widget-container\">\n\t\t\t\t\t\t\t\t\t<p class=\"p1\">I don't want to scare you, but contrasted information is fundamental to make decisions.<\/p><p class=\"p1\">My mentoring helps clarify the steps to healthier longevity.<\/p>\t\t\t\t\t\t\t\t<\/div>\n\t\t\t\t<\/div>\n\t\t\t\t<div class=\"elementor-element elementor-element-3b152bf elementor-widget elementor-widget-button\" data-id=\"3b152bf\" data-element_type=\"widget\" data-e-type=\"widget\" data-widget_type=\"button.default\">\n\t\t\t\t<div class=\"elementor-widget-container\">\n\t\t\t\t\t\t\t\t\t<div class=\"elementor-button-wrapper\">\n\t\t\t\t\t<a class=\"elementor-button elementor-button-link elementor-size-sm\" href=\"https:\/\/thehedonister.com\/en\/biografia\/\">\n\t\t\t\t\t\t<span class=\"elementor-button-content-wrapper\">\n\t\t\t\t\t\t\t\t\t<span class=\"elementor-button-text\">Get to know me<\/span>\n\t\t\t\t\t<\/span>\n\t\t\t\t\t<\/a>\n\t\t\t\t<\/div>\n\t\t\t\t\t\t\t\t<\/div>\n\t\t\t\t<\/div>\n\t\t\t\t<\/div>\n\t\t<div class=\"elementor-element elementor-element-2187226 e-con-full e-flex e-con e-child\" data-id=\"2187226\" data-element_type=\"container\" data-e-type=\"container\">\n\t\t\t\t<div class=\"elementor-element elementor-element-16d88bf elementor-widget elementor-widget-image\" data-id=\"16d88bf\" data-element_type=\"widget\" data-e-type=\"widget\" data-widget_type=\"image.default\">\n\t\t\t\t<div class=\"elementor-widget-container\">\n\t\t\t\t\t\t\t\t\t\t\t\t\t\t\t<img fetchpriority=\"high\" decoding=\"async\" width=\"350\" height=\"550\" src=\"https:\/\/thehedonister.com\/wp-content\/uploads\/2025\/05\/The-hedonist-6.jpg\" class=\"attachment-large size-large wp-image-485\" alt=\"The hedonist 6\" srcset=\"https:\/\/thehedonister.com\/wp-content\/uploads\/2025\/05\/The-hedonist-6.jpg 350w, https:\/\/thehedonister.com\/wp-content\/uploads\/2025\/05\/The-hedonist-6-191x300.jpg 191w, https:\/\/thehedonister.com\/wp-content\/uploads\/2025\/05\/The-hedonist-6-8x12.jpg 8w\" sizes=\"(max-width: 350px) 100vw, 350px\" title=\"\">\t\t\t\t\t\t\t\t\t\t\t\t\t\t\t<\/div>\n\t\t\t\t<\/div>\n\t\t\t\t<\/div>\n\t\t\t\t\t<\/div>\n\t\t\t\t<\/div>\n\t\t\t\t<\/div>","protected":false},"excerpt":{"rendered":"<p>Longevity Una nueva forma de vivir m\u00e1s y mejor El bienestar es fundamental para vivir bien. Aunque todav\u00eda mucha gente use indistintamente las palabras antiaging y longevity, los 2 conceptos son diferentes. Anti aging ya pas\u00f3 de moda, como casi todas las palabras que empiezan por ANTI, por el simple hecho que no se puede [&hellip;]<\/p>","protected":false},"author":18,"featured_media":0,"parent":655,"menu_order":0,"comment_status":"closed","ping_status":"closed","template":"","meta":{"footnotes":""},"class_list":["post-665","page","type-page","status-publish","hentry"],"_links":{"self":[{"href":"https:\/\/thehedonister.com\/en\/wp-json\/wp\/v2\/pages\/665","targetHints":{"allow":["GET"]}}],"collection":[{"href":"https:\/\/thehedonister.com\/en\/wp-json\/wp\/v2\/pages"}],"about":[{"href":"https:\/\/thehedonister.com\/en\/wp-json\/wp\/v2\/types\/page"}],"author":[{"embeddable":true,"href":"https:\/\/thehedonister.com\/en\/wp-json\/wp\/v2\/users\/18"}],"replies":[{"embeddable":true,"href":"https:\/\/thehedonister.com\/en\/wp-json\/wp\/v2\/comments?post=665"}],"version-history":[{"count":5,"href":"https:\/\/thehedonister.com\/en\/wp-json\/wp\/v2\/pages\/665\/revisions"}],"predecessor-version":[{"id":1193,"href":"https:\/\/thehedonister.com\/en\/wp-json\/wp\/v2\/pages\/665\/revisions\/1193"}],"up":[{"embeddable":true,"href":"https:\/\/thehedonister.com\/en\/wp-json\/wp\/v2\/pages\/655"}],"wp:attachment":[{"href":"https:\/\/thehedonister.com\/en\/wp-json\/wp\/v2\/media?parent=665"}],"curies":[{"name":"wp","href":"https:\/\/api.w.org\/{rel}","templated":true}]}}