{"id":990,"date":"2025-06-13T14:54:44","date_gmt":"2025-06-13T13:54:44","guid":{"rendered":"https:\/\/nadiatresoro.websbg.com\/?page_id=990"},"modified":"2025-06-29T12:13:41","modified_gmt":"2025-06-29T11:13:41","slug":"biografia","status":"publish","type":"page","link":"https:\/\/thehedonister.com\/en\/biografia\/","title":{"rendered":"Bio"},"content":{"rendered":"<div data-elementor-type=\"wp-page\" data-elementor-id=\"990\" class=\"elementor elementor-990\" data-elementor-post-type=\"page\">\n\t\t\t\t<div class=\"elementor-element elementor-element-4051e4f e-flex e-con-boxed e-con e-parent\" data-id=\"4051e4f\" data-element_type=\"container\" data-e-type=\"container\" data-settings=\"{&quot;background_background&quot;:&quot;classic&quot;}\">\n\t\t\t\t\t<div class=\"e-con-inner\">\n\t\t\t\t<div class=\"elementor-element elementor-element-d0fde6d elementor-widget elementor-widget-heading\" data-id=\"d0fde6d\" data-element_type=\"widget\" data-e-type=\"widget\" data-widget_type=\"heading.default\">\n\t\t\t\t<div class=\"elementor-widget-container\">\n\t\t\t\t\t<h2 class=\"elementor-heading-title elementor-size-default\">An honest person you can trust<\/h2>\t\t\t\t<\/div>\n\t\t\t\t<\/div>\n\t\t\t\t\t<\/div>\n\t\t\t\t<\/div>\n\t\t<div class=\"elementor-element elementor-element-47fd420 e-flex e-con-boxed e-con e-parent\" data-id=\"47fd420\" data-element_type=\"container\" data-e-type=\"container\" data-settings=\"{&quot;background_background&quot;:&quot;classic&quot;}\">\n\t\t\t\t\t<div class=\"e-con-inner\">\n\t\t<div class=\"elementor-element elementor-element-141e465 e-con-full e-flex e-con e-child\" data-id=\"141e465\" data-element_type=\"container\" data-e-type=\"container\">\n\t\t<div class=\"elementor-element elementor-element-3fbf54f e-con-full e-flex e-con e-child\" data-id=\"3fbf54f\" data-element_type=\"container\" data-e-type=\"container\" data-settings=\"{&quot;background_background&quot;:&quot;classic&quot;}\">\n\t\t\t\t<div class=\"elementor-element elementor-element-71d3237 elementor-widget-divider--view-line elementor-widget elementor-widget-divider\" data-id=\"71d3237\" data-element_type=\"widget\" data-e-type=\"widget\" data-widget_type=\"divider.default\">\n\t\t\t\t<div class=\"elementor-widget-container\">\n\t\t\t\t\t\t\t<div class=\"elementor-divider\">\n\t\t\t<span class=\"elementor-divider-separator\">\n\t\t\t\t\t\t<\/span>\n\t\t<\/div>\n\t\t\t\t\t\t<\/div>\n\t\t\t\t<\/div>\n\t\t\t\t<\/div>\n\t\t<div class=\"elementor-element elementor-element-1ee97c6 e-con-full e-flex e-con e-child\" data-id=\"1ee97c6\" data-element_type=\"container\" data-e-type=\"container\">\n\t\t\t\t<div class=\"elementor-element elementor-element-150956f elementor-widget elementor-widget-text-editor\" data-id=\"150956f\" data-element_type=\"widget\" data-e-type=\"widget\" data-widget_type=\"text-editor.default\">\n\t\t\t\t<div class=\"elementor-widget-container\">\n\t\t\t\t\t\t\t\t\t<p class=\"p1\">I am Nadia Tresoro, Italian by origin and Spanish by adoption. Many know me as Berta's (my dog) mom, and that makes me a special illusion.<\/p><p class=\"p1\">With a degree in Political Science and a master's degree in Human Resources and Management, I have learned more from life than from books. Journalist and editor of <span class=\"s1\"><i>Wellness Forum<\/i><\/span>I combine theoretical knowledge with more than 20 years of practical experience in the field of sport, wellness, nutrition and personal development. Throughout my career I have collaborated with brands and professionals in the health and fitness sector around the world, which has given me a broad, global and deeply human perspective.<\/p><p class=\"p1\">After holding management positions in companies such as Adecco and leading projects in trade fairs, communication agencies and international events, I reinvented myself in Marbella, the city that marked the real turning point in my personal and professional history. Here I founded <span class=\"s1\"><i>ViviMarbella.com<\/i><\/span>a lifestyle magazine that allowed me to explore, communicate and connect.<\/p>\t\t\t\t\t\t\t\t<\/div>\n\t\t\t\t<\/div>\n\t\t\t\t<div class=\"elementor-element elementor-element-4e36e1b elementor-headline--style-highlight elementor-widget elementor-widget-animated-headline\" data-id=\"4e36e1b\" data-element_type=\"widget\" data-e-type=\"widget\" data-settings=\"{&quot;highlighted_text&quot;:&quot;100%&quot;,&quot;headline_style&quot;:&quot;highlight&quot;,&quot;marker&quot;:&quot;circle&quot;,&quot;loop&quot;:&quot;yes&quot;,&quot;highlight_animation_duration&quot;:1200,&quot;highlight_iteration_delay&quot;:8000}\" data-widget_type=\"animated-headline.default\">\n\t\t\t\t<div class=\"elementor-widget-container\">\n\t\t\t\t\t\t\t<h3 class=\"elementor-headline\">\n\t\t\t\t\t<span class=\"elementor-headline-plain-text elementor-headline-text-wrapper\">And who am I now? <br> A hedonist <\/span>\n\t\t\t\t<span class=\"elementor-headline-dynamic-wrapper elementor-headline-text-wrapper\">\n\t\t\t\t\t<span class=\"elementor-headline-dynamic-text elementor-headline-text-active\">100%<\/span>\n\t\t\t\t<\/span>\n\t\t\t\t<\/h3>\n\t\t\t\t\t\t<\/div>\n\t\t\t\t<\/div>\n\t\t\t\t<\/div>\n\t\t\t\t<\/div>\n\t\t<div class=\"elementor-element elementor-element-7c5186e e-con-full e-flex e-con e-child\" data-id=\"7c5186e\" data-element_type=\"container\" data-e-type=\"container\">\n\t\t\t\t<div class=\"elementor-element elementor-element-d62e62a elementor-widget elementor-widget-text-editor\" data-id=\"d62e62a\" data-element_type=\"widget\" data-e-type=\"widget\" data-widget_type=\"text-editor.default\">\n\t\t\t\t<div class=\"elementor-widget-container\">\n\t\t\t\t\t\t\t\t\t<p class=\"p1\">I have been an athlete for more than 20 years. I train daily and have helped many people lose weight, gain health and define their body and mind with consistency, without falling into excess or impossible goals. My training, nutrition and mentoring plans focus on holistic wellness and are designed to fit each person's life purpose. I believe deeply in health as an end goal, not a side effect.<\/p><p class=\"p1\">I am also a mentor, communicator and networker. Passionate about marketing, fearless creative, observer, mediator and mortician of egos. I speak clearly, with humor and without filters. In an increasingly confusing world, I bet for an honest and close guide, that helps you to find yourself again, without deception, from the strength of the lived and shared experience.<\/p>\t\t\t\t\t\t\t\t<\/div>\n\t\t\t\t<\/div>\n\t\t\t\t<\/div>\n\t\t\t\t\t<\/div>\n\t\t\t\t<\/div>\n\t\t<div class=\"elementor-element elementor-element-da03121 e-flex e-con-boxed e-con e-parent\" data-id=\"da03121\" data-element_type=\"container\" data-e-type=\"container\" data-settings=\"{&quot;background_background&quot;:&quot;classic&quot;}\">\n\t\t\t\t\t<div class=\"e-con-inner\">\n\t\t\t\t<div class=\"elementor-element elementor-element-604dda3 elementor-widget elementor-widget-heading\" data-id=\"604dda3\" data-element_type=\"widget\" data-e-type=\"widget\" data-widget_type=\"heading.default\">\n\t\t\t\t<div class=\"elementor-widget-container\">\n\t\t\t\t\t<h3 class=\"elementor-heading-title elementor-size-default\">FREEDOM - TRAIN - ENJOY<\/h3>\t\t\t\t<\/div>\n\t\t\t\t<\/div>\n\t\t\t\t<div class=\"elementor-element elementor-element-3cf46b0 elementor-widget elementor-widget-heading\" data-id=\"3cf46b0\" data-element_type=\"widget\" data-e-type=\"widget\" data-widget_type=\"heading.default\">\n\t\t\t\t<div class=\"elementor-widget-container\">\n\t\t\t\t\t<h2 class=\"elementor-heading-title elementor-size-default\">\u00abMENS SANA IN CORPORE SANO\u00bb<\/h2>\t\t\t\t<\/div>\n\t\t\t\t<\/div>\n\t\t\t\t<div class=\"elementor-element elementor-element-c7f94f3 elementor-widget elementor-widget-heading\" data-id=\"c7f94f3\" data-element_type=\"widget\" data-e-type=\"widget\" data-widget_type=\"heading.default\">\n\t\t\t\t<div class=\"elementor-widget-container\">\n\t\t\t\t\t<h3 class=\"elementor-heading-title elementor-size-default\">Requires effort<\/h3>\t\t\t\t<\/div>\n\t\t\t\t<\/div>\n\t\t\t\t<div class=\"elementor-element elementor-element-7953fd0 elementor-widget elementor-widget-button\" data-id=\"7953fd0\" data-element_type=\"widget\" data-e-type=\"widget\" contacto=\"\" data-widget_type=\"button.default\">\n\t\t\t\t<div class=\"elementor-widget-container\">\n\t\t\t\t\t\t\t\t\t<div class=\"elementor-button-wrapper\">\n\t\t\t\t\t<a class=\"elementor-button elementor-button-link elementor-size-sm\" href=\"https:\/\/thehedonister.com\/en\/contacto\/\">\n\t\t\t\t\t\t<span class=\"elementor-button-content-wrapper\">\n\t\t\t\t\t\t\t\t\t<span class=\"elementor-button-text\">START YOUR CHANGE NOW<\/span>\n\t\t\t\t\t<\/span>\n\t\t\t\t\t<\/a>\n\t\t\t\t<\/div>\n\t\t\t\t\t\t\t\t<\/div>\n\t\t\t\t<\/div>\n\t\t\t\t\t<\/div>\n\t\t\t\t<\/div>\n\t\t\t\t<\/div>","protected":false},"excerpt":{"rendered":"<p>Una persona sincera en la que poder confiar Soy Nadia Tresoro, italiana de origen y espa\u00f1ola de adopci\u00f3n. Muchos me conocen como la mam\u00e1 de Berta (mi perra), y eso me hace una ilusi\u00f3n especial. Licenciada en Ciencias Pol\u00edticas, con m\u00e1ster en Recursos Humanos y Management, he aprendido m\u00e1s de la vida que de los [&hellip;]<\/p>","protected":false},"author":18,"featured_media":0,"parent":0,"menu_order":0,"comment_status":"closed","ping_status":"closed","template":"","meta":{"footnotes":""},"class_list":["post-990","page","type-page","status-publish","hentry"],"_links":{"self":[{"href":"https:\/\/thehedonister.com\/en\/wp-json\/wp\/v2\/pages\/990","targetHints":{"allow":["GET"]}}],"collection":[{"href":"https:\/\/thehedonister.com\/en\/wp-json\/wp\/v2\/pages"}],"about":[{"href":"https:\/\/thehedonister.com\/en\/wp-json\/wp\/v2\/types\/page"}],"author":[{"embeddable":true,"href":"https:\/\/thehedonister.com\/en\/wp-json\/wp\/v2\/users\/18"}],"replies":[{"embeddable":true,"href":"https:\/\/thehedonister.com\/en\/wp-json\/wp\/v2\/comments?post=990"}],"version-history":[{"count":5,"href":"https:\/\/thehedonister.com\/en\/wp-json\/wp\/v2\/pages\/990\/revisions"}],"predecessor-version":[{"id":1178,"href":"https:\/\/thehedonister.com\/en\/wp-json\/wp\/v2\/pages\/990\/revisions\/1178"}],"wp:attachment":[{"href":"https:\/\/thehedonister.com\/en\/wp-json\/wp\/v2\/media?parent=990"}],"curies":[{"name":"wp","href":"https:\/\/api.w.org\/{rel}","templated":true}]}}